{"id":24,"date":"2025-03-25T16:59:12","date_gmt":"2025-03-25T20:59:12","guid":{"rendered":"https:\/\/www.algor-it.com\/?page_id=24"},"modified":"2025-04-30T08:28:15","modified_gmt":"2025-04-30T12:28:15","slug":"services","status":"publish","type":"page","link":"https:\/\/www.algor-it.com\/en\/services\/","title":{"rendered":"Services"},"content":{"rendered":"<div data-elementor-type=\"wp-page\" data-elementor-id=\"24\" class=\"elementor elementor-24\" data-elementor-post-type=\"page\">\n\t\t\t\t<div class=\"elementor-element elementor-element-6d71b6c e-flex e-con-boxed e-con e-parent\" data-id=\"6d71b6c\" data-element_type=\"container\">\n\t\t\t\t\t<div class=\"e-con-inner\">\n\t\t<div class=\"elementor-element elementor-element-11c193b e-con-full e-flex e-con e-child\" data-id=\"11c193b\" data-element_type=\"container\" id=\"saas\" data-settings=\"{&quot;background_background&quot;:&quot;classic&quot;}\">\n\t\t<div class=\"elementor-element elementor-element-3733110 e-con-full e-flex e-con e-child\" data-id=\"3733110\" data-element_type=\"container\">\n\t\t\t\t<div class=\"elementor-element elementor-element-1761633 elementor-view-default elementor-widget elementor-widget-icon\" data-id=\"1761633\" data-element_type=\"widget\" data-widget_type=\"icon.default\">\n\t\t\t\t<div class=\"elementor-widget-container\">\n\t\t\t\t\t\t\t<div class=\"elementor-icon-wrapper\">\n\t\t\t<div class=\"elementor-icon\">\n\t\t\t<svg aria-hidden=\"true\" class=\"e-font-icon-svg e-fas-cloud\" viewbox=\"0 0 640 512\" xmlns=\"http:\/\/www.w3.org\/2000\/svg\"><path d=\"M537.6 226.6c4.1-10.7 6.4-22.4 6.4-34.6 0-53-43-96-96-96-19.7 0-38.1 6-53.3 16.2C367 64.2 315.3 32 256 32c-88.4 0-160 71.6-160 160 0 2.7.1 5.4.2 8.1C40.2 219.8 0 273.2 0 336c0 79.5 64.5 144 144 144h368c70.7 0 128-57.3 128-128 0-61.9-44-113.6-102.4-125.4z\"><\/path><\/svg>\t\t\t<\/div>\n\t\t<\/div>\n\t\t\t\t\t\t<\/div>\n\t\t\t\t<\/div>\n\t\t\t\t<\/div>\n\t\t<div class=\"elementor-element elementor-element-2f964af e-con-full e-flex e-con e-child\" data-id=\"2f964af\" data-element_type=\"container\" data-settings=\"{&quot;background_background&quot;:&quot;classic&quot;}\">\n\t\t\t\t<div class=\"elementor-element elementor-element-073126b eael-dual-header-content-align-left eael-dual-header-content-tablet-align-center elementor-widget-tablet__width-initial elementor-widget-mobile__width-initial elementor-widget elementor-widget-eael-dual-color-header\" data-id=\"073126b\" data-element_type=\"widget\" data-widget_type=\"eael-dual-color-header.default\">\n\t\t\t\t<div class=\"elementor-widget-container\">\n\t\t\t\t\t\t\t\t<div class=\"eael-dual-header\">\n\t\t\t\t<h2 class=\"title eael-dch-title\"><span class=\"eael-dch-title-text eael-dch-title-lead lead solid-color\">SaaS solution<\/span> <span class=\"eael-dch-title-text\">&amp; IA<\/span><\/h2><div class=\"eael-dch-separator-wrap\"><span class=\"separator-one\"><\/span>\n\t\t\t<span class=\"separator-two\"><\/span><\/div>\t\t\t\t\t<span class=\"eael-dch-svg-icon\"><\/span>\t\t\t\t\t\t\t<\/div>\n\n\t\t\t\t\t\t<\/div>\n\t\t\t\t<\/div>\n\t\t\t\t<div class=\"elementor-element elementor-element-243b39e elementor-widget elementor-widget-text-editor\" data-id=\"243b39e\" data-element_type=\"widget\" data-widget_type=\"text-editor.default\">\n\t\t\t\t<div class=\"elementor-widget-container\">\n\t\t\t\t\t\t\t\t\t<p><span style=\"font-weight: 400;\">Development of innovative web solutions and automation of business processes through Artificial Intelligence.<\/span><\/p><p><span style=\"font-weight: 400;\">We take your needs into account and are proactive in offering you a tailored solution. With or without AI, it doesn't matter, we adapt to your information system and your clients' needs.<\/span><\/p>\t\t\t\t\t\t\t\t<\/div>\n\t\t\t\t<\/div>\n\t\t\t\t<div class=\"elementor-element elementor-element-5918dec elementor-tablet-align-center elementor-widget elementor-widget-button\" data-id=\"5918dec\" data-element_type=\"widget\" data-widget_type=\"button.default\">\n\t\t\t\t<div class=\"elementor-widget-container\">\n\t\t\t\t\t\t\t\t\t<div class=\"elementor-button-wrapper\">\n\t\t\t\t\t<a class=\"elementor-button elementor-button-link elementor-size-sm elementor-animation-grow\" href=\"#elementor-action%3Aaction%3Dpopup%3Aopen%26settings%3DeyJpZCI6Ijc3NiIsInRvZ2dsZSI6ZmFsc2V9\">\n\t\t\t\t\t\t<span class=\"elementor-button-content-wrapper\">\n\t\t\t\t\t\t\t\t\t<span class=\"elementor-button-text\">Contact us<\/span>\n\t\t\t\t\t<\/span>\n\t\t\t\t\t<\/a>\n\t\t\t\t<\/div>\n\t\t\t\t\t\t\t\t<\/div>\n\t\t\t\t<\/div>\n\t\t\t\t<\/div>\n\t\t\t\t<\/div>\n\t\t<div class=\"elementor-element elementor-element-f4443d3 e-con-full e-flex e-con e-child\" data-id=\"f4443d3\" data-element_type=\"container\" id=\"digital\" data-settings=\"{&quot;background_background&quot;:&quot;classic&quot;}\">\n\t\t<div class=\"elementor-element elementor-element-e63af01 e-con-full e-flex e-con e-child\" data-id=\"e63af01\" data-element_type=\"container\" data-settings=\"{&quot;background_background&quot;:&quot;classic&quot;}\">\n\t\t\t\t<div class=\"elementor-element elementor-element-738dd79 eael-dual-header-content-align-left eael-dual-header-content-tablet-align-center elementor-widget-tablet__width-initial elementor-widget elementor-widget-eael-dual-color-header\" data-id=\"738dd79\" data-element_type=\"widget\" data-widget_type=\"eael-dual-color-header.default\">\n\t\t\t\t<div class=\"elementor-widget-container\">\n\t\t\t\t\t\t\t\t<div class=\"eael-dual-header\">\n\t\t\t\t<h2 class=\"title eael-dch-title translation-block\"><span class=\"lead solid-color\">Digital<\/span> <span>support<\/span><\/h2><div class=\"eael-dch-separator-wrap\"><span class=\"separator-one\"><\/span>\n\t\t\t<span class=\"separator-two\"><\/span><\/div>\t\t\t\t\t<span class=\"eael-dch-svg-icon\"><\/span>\t\t\t\t\t\t\t<\/div>\n\n\t\t\t\t\t\t<\/div>\n\t\t\t\t<\/div>\n\t\t\t\t<div class=\"elementor-element elementor-element-2b5d0b7 elementor-widget elementor-widget-text-editor\" data-id=\"2b5d0b7\" data-element_type=\"widget\" data-widget_type=\"text-editor.default\">\n\t\t\t\t<div class=\"elementor-widget-container\">\n\t\t\t\t\t\t\t\t\t<p><span style=\"font-weight: 400;\">Consulting, design, and deployment of IT tools tailored to the digital transformation of businesses.<\/span><\/p><p><span style=\"font-weight: 400;\">A problem to solve? A digital transformation to start? We can move forward with you. We love brainstorming and are flexible with changing ideas. The market moves fast, and we need to be responsive.<\/span><\/p>\t\t\t\t\t\t\t\t<\/div>\n\t\t\t\t<\/div>\n\t\t\t\t<div class=\"elementor-element elementor-element-dd88390 elementor-tablet-align-center elementor-widget elementor-widget-button\" data-id=\"dd88390\" data-element_type=\"widget\" data-widget_type=\"button.default\">\n\t\t\t\t<div class=\"elementor-widget-container\">\n\t\t\t\t\t\t\t\t\t<div class=\"elementor-button-wrapper\">\n\t\t\t\t\t<a class=\"elementor-button elementor-button-link elementor-size-sm elementor-animation-grow\" href=\"#elementor-action%3Aaction%3Dpopup%3Aopen%26settings%3DeyJpZCI6Ijc3NiIsInRvZ2dsZSI6ZmFsc2V9\">\n\t\t\t\t\t\t<span class=\"elementor-button-content-wrapper\">\n\t\t\t\t\t\t\t\t\t<span class=\"elementor-button-text\">Contact us<\/span>\n\t\t\t\t\t<\/span>\n\t\t\t\t\t<\/a>\n\t\t\t\t<\/div>\n\t\t\t\t\t\t\t\t<\/div>\n\t\t\t\t<\/div>\n\t\t\t\t<\/div>\n\t\t<div class=\"elementor-element elementor-element-0333caf e-con-full e-flex e-con e-child\" data-id=\"0333caf\" data-element_type=\"container\">\n\t\t\t\t<div class=\"elementor-element elementor-element-58b6577 elementor-view-default elementor-widget elementor-widget-icon\" data-id=\"58b6577\" data-element_type=\"widget\" data-widget_type=\"icon.default\">\n\t\t\t\t<div class=\"elementor-widget-container\">\n\t\t\t\t\t\t\t<div class=\"elementor-icon-wrapper\">\n\t\t\t<div class=\"elementor-icon\">\n\t\t\t<svg aria-hidden=\"true\" class=\"e-font-icon-svg e-fas-lightbulb\" viewbox=\"0 0 352 512\" xmlns=\"http:\/\/www.w3.org\/2000\/svg\"><path d=\"M96.06 454.35c.01 6.29 1.87 12.45 5.36 17.69l17.09 25.69a31.99 31.99 0 0 0 26.64 14.28h61.71a31.99 31.99 0 0 0 26.64-14.28l17.09-25.69a31.989 31.989 0 0 0 5.36-17.69l.04-38.35H96.01l.05 38.35zM0 176c0 44.37 16.45 84.85 43.56 115.78 16.52 18.85 42.36 58.23 52.21 91.45.04.26.07.52.11.78h160.24c.04-.26.07-.51.11-.78 9.85-33.22 35.69-72.6 52.21-91.45C335.55 260.85 352 220.37 352 176 352 78.61 272.91-.3 175.45 0 73.44.31 0 82.97 0 176zm176-80c-44.11 0-80 35.89-80 80 0 8.84-7.16 16-16 16s-16-7.16-16-16c0-61.76 50.24-112 112-112 8.84 0 16 7.16 16 16s-7.16 16-16 16z\"><\/path><\/svg>\t\t\t<\/div>\n\t\t<\/div>\n\t\t\t\t\t\t<\/div>\n\t\t\t\t<\/div>\n\t\t\t\t<\/div>\n\t\t\t\t<\/div>\n\t\t<div class=\"elementor-element elementor-element-1131608 e-con-full e-flex e-con e-child\" data-id=\"1131608\" data-element_type=\"container\" id=\"it\" data-settings=\"{&quot;background_background&quot;:&quot;classic&quot;}\">\n\t\t<div class=\"elementor-element elementor-element-a28baf3 e-con-full e-flex e-con e-child\" data-id=\"a28baf3\" data-element_type=\"container\">\n\t\t\t\t<div class=\"elementor-element elementor-element-4ae2a3f elementor-view-default elementor-widget elementor-widget-icon\" data-id=\"4ae2a3f\" data-element_type=\"widget\" data-widget_type=\"icon.default\">\n\t\t\t\t<div class=\"elementor-widget-container\">\n\t\t\t\t\t\t\t<div class=\"elementor-icon-wrapper\">\n\t\t\t<div class=\"elementor-icon\">\n\t\t\t<svg aria-hidden=\"true\" class=\"e-font-icon-svg e-fas-bolt\" viewbox=\"0 0 320 512\" xmlns=\"http:\/\/www.w3.org\/2000\/svg\"><path d=\"M296 160H180.6l42.6-129.8C227.2 15 215.7 0 200 0H56C44 0 33.8 8.9 32.2 20.8l-32 240C-1.7 275.2 9.5 288 24 288h118.7L96.6 482.5c-3.6 15.2 8 29.5 23.3 29.5 8.4 0 16.4-4.4 20.8-12l176-304c9.3-15.9-2.2-36-20.7-36z\"><\/path><\/svg>\t\t\t<\/div>\n\t\t<\/div>\n\t\t\t\t\t\t<\/div>\n\t\t\t\t<\/div>\n\t\t\t\t<\/div>\n\t\t<div class=\"elementor-element elementor-element-21eb899 e-con-full e-flex e-con e-child\" data-id=\"21eb899\" data-element_type=\"container\" data-settings=\"{&quot;background_background&quot;:&quot;classic&quot;}\">\n\t\t\t\t<div class=\"elementor-element elementor-element-cd35514 eael-dual-header-content-align-left elementor-widget-tablet__width-initial elementor-widget elementor-widget-eael-dual-color-header\" data-id=\"cd35514\" data-element_type=\"widget\" data-widget_type=\"eael-dual-color-header.default\">\n\t\t\t\t<div class=\"elementor-widget-container\">\n\t\t\t\t\t\t\t\t<div class=\"eael-dual-header\">\n\t\t\t\t<h2 class=\"title eael-dch-title\"><span class=\"eael-dch-title-text eael-dch-title-lead lead solid-color\">IT services<\/span> <span class=\"eael-dch-title-text\">&amp; support<\/span><\/h2><div class=\"eael-dch-separator-wrap\"><span class=\"separator-one\"><\/span>\n\t\t\t<span class=\"separator-two\"><\/span><\/div>\t\t\t\t\t<span class=\"eael-dch-svg-icon\"><\/span>\t\t\t\t\t\t\t<\/div>\n\n\t\t\t\t\t\t<\/div>\n\t\t\t\t<\/div>\n\t\t\t\t<div class=\"elementor-element elementor-element-3f8f9ba elementor-widget-tablet__width-initial elementor-widget elementor-widget-text-editor\" data-id=\"3f8f9ba\" data-element_type=\"widget\" data-widget_type=\"text-editor.default\">\n\t\t\t\t<div class=\"elementor-widget-container\">\n\t\t\t\t\t\t\t\t\t<p><span style=\"font-weight: 400;\">Comprehensive IT expertise, tailored support, and over 20 years of experience in emerging technologies.<\/span><\/p><p><span style=\"font-weight: 400;\">Our clients also trust us for everything related to digital. Do you have a backup of your data? Your applications? Your website? Your business server?<\/span><\/p><p><span style=\"font-weight: 400;\"><br \/><\/span><span style=\"font-weight: 400;\">Don't want to handle the management of your emails, GDPR, or customer support? We can assist you!<\/span><\/p>\t\t\t\t\t\t\t\t<\/div>\n\t\t\t\t<\/div>\n\t\t\t\t<div class=\"elementor-element elementor-element-5a87d55 elementor-widget elementor-widget-button\" data-id=\"5a87d55\" data-element_type=\"widget\" data-widget_type=\"button.default\">\n\t\t\t\t<div class=\"elementor-widget-container\">\n\t\t\t\t\t\t\t\t\t<div class=\"elementor-button-wrapper\">\n\t\t\t\t\t<a class=\"elementor-button elementor-button-link elementor-size-sm elementor-animation-grow\" href=\"#elementor-action%3Aaction%3Dpopup%3Aopen%26settings%3DeyJpZCI6Ijc3NiIsInRvZ2dsZSI6ZmFsc2V9\">\n\t\t\t\t\t\t<span class=\"elementor-button-content-wrapper\">\n\t\t\t\t\t\t\t\t\t<span class=\"elementor-button-text\">Contact us<\/span>\n\t\t\t\t\t<\/span>\n\t\t\t\t\t<\/a>\n\t\t\t\t<\/div>\n\t\t\t\t\t\t\t\t<\/div>\n\t\t\t\t<\/div>\n\t\t\t\t<\/div>\n\t\t\t\t<\/div>\n\t\t<div class=\"elementor-element elementor-element-d1c9d08 e-con-full e-flex e-con e-child\" data-id=\"d1c9d08\" data-element_type=\"container\" id=\"seo\" data-settings=\"{&quot;background_background&quot;:&quot;classic&quot;}\">\n\t\t<div class=\"elementor-element elementor-element-48dbc70 e-con-full e-flex e-con e-child\" data-id=\"48dbc70\" data-element_type=\"container\" data-settings=\"{&quot;background_background&quot;:&quot;classic&quot;}\">\n\t\t\t\t<div class=\"elementor-element elementor-element-368a835 eael-dual-header-content-align-left elementor-widget elementor-widget-eael-dual-color-header\" data-id=\"368a835\" data-element_type=\"widget\" data-widget_type=\"eael-dual-color-header.default\">\n\t\t\t\t<div class=\"elementor-widget-container\">\n\t\t\t\t\t\t\t\t<div class=\"eael-dual-header\">\n\t\t\t\t<h2 class=\"title eael-dch-title\"><span class=\"eael-dch-title-text eael-dch-title-lead lead solid-color\">SEO<\/span> <span class=\"eael-dch-title-text\">&amp; web visibility<\/span><\/h2><div class=\"eael-dch-separator-wrap\"><span class=\"separator-one\"><\/span>\n\t\t\t<span class=\"separator-two\"><\/span><\/div>\t\t\t\t\t<span class=\"eael-dch-svg-icon\"><\/span>\t\t\t\t\t\t\t<\/div>\n\n\t\t\t\t\t\t<\/div>\n\t\t\t\t<\/div>\n\t\t\t\t<div class=\"elementor-element elementor-element-2d4e44a elementor-widget-tablet__width-initial elementor-widget elementor-widget-text-editor\" data-id=\"2d4e44a\" data-element_type=\"widget\" data-widget_type=\"text-editor.default\">\n\t\t\t\t<div class=\"elementor-widget-container\">\n\t\t\t\t\t\t\t\t\t<p><span style=\"font-weight: 400;\">SEO optimization and digital strategies to maximize online visibility and brand awareness.<\/span><b>.<\/b><\/p><p><span style=\"font-weight: 400;\">Existence is important, but standing out is too. That\u2019s where our expertise can help. Our developments take this visibility strategy into account from the very first building block of your solution.<\/span><\/p>\t\t\t\t\t\t\t\t<\/div>\n\t\t\t\t<\/div>\n\t\t\t\t<div class=\"elementor-element elementor-element-918da11 elementor-widget elementor-widget-button\" data-id=\"918da11\" data-element_type=\"widget\" data-widget_type=\"button.default\">\n\t\t\t\t<div class=\"elementor-widget-container\">\n\t\t\t\t\t\t\t\t\t<div class=\"elementor-button-wrapper\">\n\t\t\t\t\t<a class=\"elementor-button elementor-button-link elementor-size-sm elementor-animation-grow\" href=\"#elementor-action%3Aaction%3Dpopup%3Aopen%26settings%3DeyJpZCI6Ijc3NiIsInRvZ2dsZSI6ZmFsc2V9\">\n\t\t\t\t\t\t<span class=\"elementor-button-content-wrapper\">\n\t\t\t\t\t\t\t\t\t<span class=\"elementor-button-text\">Contact us<\/span>\n\t\t\t\t\t<\/span>\n\t\t\t\t\t<\/a>\n\t\t\t\t<\/div>\n\t\t\t\t\t\t\t\t<\/div>\n\t\t\t\t<\/div>\n\t\t\t\t<\/div>\n\t\t<div class=\"elementor-element elementor-element-df82a6c e-con-full e-flex e-con e-child\" data-id=\"df82a6c\" data-element_type=\"container\">\n\t\t\t\t<div class=\"elementor-element elementor-element-05cc7a9 elementor-view-default elementor-widget elementor-widget-icon\" data-id=\"05cc7a9\" data-element_type=\"widget\" data-widget_type=\"icon.default\">\n\t\t\t\t<div class=\"elementor-widget-container\">\n\t\t\t\t\t\t\t<div class=\"elementor-icon-wrapper\">\n\t\t\t<div class=\"elementor-icon\">\n\t\t\t<svg aria-hidden=\"true\" class=\"e-font-icon-svg e-fas-search\" viewbox=\"0 0 512 512\" xmlns=\"http:\/\/www.w3.org\/2000\/svg\"><path d=\"M505 442.7L405.3 343c-4.5-4.5-10.6-7-17-7H372c27.6-35.3 44-79.7 44-128C416 93.1 322.9 0 208 0S0 93.1 0 208s93.1 208 208 208c48.3 0 92.7-16.4 128-44v16.3c0 6.4 2.5 12.5 7 17l99.7 99.7c9.4 9.4 24.6 9.4 33.9 0l28.3-28.3c9.4-9.4 9.4-24.6.1-34zM208 336c-70.7 0-128-57.2-128-128 0-70.7 57.2-128 128-128 70.7 0 128 57.2 128 128 0 70.7-57.2 128-128 128z\"><\/path><\/svg>\t\t\t<\/div>\n\t\t<\/div>\n\t\t\t\t\t\t<\/div>\n\t\t\t\t<\/div>\n\t\t\t\t<\/div>\n\t\t\t\t<\/div>\n\t\t\t\t\t<\/div>\n\t\t\t\t<\/div>\n\t\t\t\t<\/div>","protected":false},"excerpt":{"rendered":"<p>Solution SaaS &amp; IA D\u00e9veloppement de solutions web innovantes et automatisation des processus m\u00e9tiers via l&rsquo;Intelligence Artificielle. Nous prenons en compte votre besoin et nous sommes force de proposition pour vous apporter une solution adapt\u00e9e. Avec ou sans IA, qu\u2019importe, nous nous adaptons \u00e0 votre syst\u00e8me d\u2019information et aux besoins de vos clients. Contactez-nous Accompagnement [&hellip;]<\/p>\n","protected":false},"author":1,"featured_media":0,"parent":0,"menu_order":0,"comment_status":"closed","ping_status":"closed","template":"","meta":{"footnotes":""},"class_list":["post-24","page","type-page","status-publish","hentry"],"yoast_head":"<!-- This site is optimized with the Yoast SEO plugin v27.3 - https:\/\/yoast.com\/product\/yoast-seo-wordpress\/ -->\n<title>Services num\u00e9riques sur mesure | ALGOR-IT\u200b<\/title>\n<meta name=\"description\" content=\"D\u00e9couvrez nos services en d\u00e9veloppement SaaS, int\u00e9gration d&#039;IA et accompagnement digital pour transformer votre entreprise avec des solutions innovantes et personnalis\u00e9es.\" \/>\n<meta name=\"robots\" content=\"index, follow, max-snippet:-1, max-image-preview:large, max-video-preview:-1\" \/>\n<link rel=\"canonical\" href=\"https:\/\/www.algor-it.com\/en\/services\/\" \/>\n<meta property=\"og:locale\" content=\"en_US\" \/>\n<meta property=\"og:type\" content=\"article\" \/>\n<meta property=\"og:title\" content=\"Services num\u00e9riques sur mesure | ALGOR-IT\u200b\" \/>\n<meta property=\"og:description\" content=\"D\u00e9couvrez nos services en d\u00e9veloppement SaaS, int\u00e9gration d&#039;IA et accompagnement digital pour transformer votre entreprise avec des solutions innovantes et personnalis\u00e9es.\" \/>\n<meta property=\"og:url\" content=\"https:\/\/www.algor-it.com\/en\/services\/\" \/>\n<meta property=\"og:site_name\" content=\"Algor-IT\" \/>\n<meta property=\"article:modified_time\" content=\"2025-04-30T12:28:15+00:00\" \/>\n<meta property=\"og:image\" content=\"https:\/\/www.algor-it.com\/wp-content\/uploads\/2025\/05\/logo_RS.png\" \/>\n\t<meta property=\"og:image:width\" content=\"300\" \/>\n\t<meta property=\"og:image:height\" content=\"300\" \/>\n\t<meta property=\"og:image:type\" content=\"image\/png\" \/>\n<meta name=\"twitter:card\" content=\"summary_large_image\" \/>\n<meta name=\"twitter:label1\" content=\"Est. reading time\" \/>\n\t<meta name=\"twitter:data1\" content=\"2 minutes\" \/>\n<script type=\"application\/ld+json\" class=\"yoast-schema-graph\">{\"@context\":\"https:\\\/\\\/schema.org\",\"@graph\":[{\"@type\":\"WebPage\",\"@id\":\"https:\\\/\\\/www.algor-it.com\\\/services\\\/\",\"url\":\"https:\\\/\\\/www.algor-it.com\\\/services\\\/\",\"name\":\"Services num\u00e9riques sur mesure | ALGOR-IT\u200b\",\"isPartOf\":{\"@id\":\"https:\\\/\\\/www.algor-it.com\\\/en\\\/#website\"},\"datePublished\":\"2025-03-25T20:59:12+00:00\",\"dateModified\":\"2025-04-30T12:28:15+00:00\",\"description\":\"D\u00e9couvrez nos services en d\u00e9veloppement SaaS, int\u00e9gration d'IA et accompagnement digital pour transformer votre entreprise avec des solutions innovantes et personnalis\u00e9es.\",\"breadcrumb\":{\"@id\":\"https:\\\/\\\/www.algor-it.com\\\/services\\\/#breadcrumb\"},\"inLanguage\":\"en-US\",\"potentialAction\":[{\"@type\":\"ReadAction\",\"target\":[\"https:\\\/\\\/www.algor-it.com\\\/services\\\/\"]}]},{\"@type\":\"BreadcrumbList\",\"@id\":\"https:\\\/\\\/www.algor-it.com\\\/services\\\/#breadcrumb\",\"itemListElement\":[{\"@type\":\"ListItem\",\"position\":1,\"name\":\"Accueil\",\"item\":\"https:\\\/\\\/www.algor-it.com\\\/\"},{\"@type\":\"ListItem\",\"position\":2,\"name\":\"Services\"}]},{\"@type\":\"WebSite\",\"@id\":\"https:\\\/\\\/www.algor-it.com\\\/en\\\/#website\",\"url\":\"https:\\\/\\\/www.algor-it.com\\\/en\\\/\",\"name\":\"Algor-IT\",\"description\":\"Des id\u00e9es brillantes, des solutions intelligentes !\",\"publisher\":{\"@id\":\"https:\\\/\\\/www.algor-it.com\\\/en\\\/#organization\"},\"potentialAction\":[{\"@type\":\"SearchAction\",\"target\":{\"@type\":\"EntryPoint\",\"urlTemplate\":\"https:\\\/\\\/www.algor-it.com\\\/en\\\/?s={search_term_string}\"},\"query-input\":{\"@type\":\"PropertyValueSpecification\",\"valueRequired\":true,\"valueName\":\"search_term_string\"}}],\"inLanguage\":\"en-US\"},{\"@type\":\"Organization\",\"@id\":\"https:\\\/\\\/www.algor-it.com\\\/en\\\/#organization\",\"name\":\"Algor-IT\",\"url\":\"https:\\\/\\\/www.algor-it.com\\\/en\\\/\",\"logo\":{\"@type\":\"ImageObject\",\"inLanguage\":\"en-US\",\"@id\":\"https:\\\/\\\/www.algor-it.com\\\/en\\\/#\\\/schema\\\/logo\\\/image\\\/\",\"url\":\"https:\\\/\\\/www.algor-it.com\\\/wp-content\\\/uploads\\\/2025\\\/03\\\/logo_algorit_dev_logiciel-NoBG.svg\",\"contentUrl\":\"https:\\\/\\\/www.algor-it.com\\\/wp-content\\\/uploads\\\/2025\\\/03\\\/logo_algorit_dev_logiciel-NoBG.svg\",\"width\":181,\"height\":143,\"caption\":\"Algor-IT\"},\"image\":{\"@id\":\"https:\\\/\\\/www.algor-it.com\\\/en\\\/#\\\/schema\\\/logo\\\/image\\\/\"},\"sameAs\":[\"https:\\\/\\\/fr.linkedin.com\\\/company\\\/algor-it-france\"]}]}<\/script>\n<!-- \/ Yoast SEO plugin. -->","yoast_head_json":{"title":"Services num\u00e9riques sur mesure | ALGOR-IT\u200b","description":"D\u00e9couvrez nos services en d\u00e9veloppement SaaS, int\u00e9gration d'IA et accompagnement digital pour transformer votre entreprise avec des solutions innovantes et personnalis\u00e9es.","robots":{"index":"index","follow":"follow","max-snippet":"max-snippet:-1","max-image-preview":"max-image-preview:large","max-video-preview":"max-video-preview:-1"},"canonical":"https:\/\/www.algor-it.com\/en\/services\/","og_locale":"en_US","og_type":"article","og_title":"Services num\u00e9riques sur mesure | ALGOR-IT\u200b","og_description":"D\u00e9couvrez nos services en d\u00e9veloppement SaaS, int\u00e9gration d'IA et accompagnement digital pour transformer votre entreprise avec des solutions innovantes et personnalis\u00e9es.","og_url":"https:\/\/www.algor-it.com\/en\/services\/","og_site_name":"Algor-IT","article_modified_time":"2025-04-30T12:28:15+00:00","og_image":[{"width":300,"height":300,"url":"https:\/\/www.algor-it.com\/wp-content\/uploads\/2025\/05\/logo_RS.png","type":"image\/png"}],"twitter_card":"summary_large_image","twitter_misc":{"Est. reading time":"2 minutes"},"schema":{"@context":"https:\/\/schema.org","@graph":[{"@type":"WebPage","@id":"https:\/\/www.algor-it.com\/services\/","url":"https:\/\/www.algor-it.com\/services\/","name":"Services num\u00e9riques sur mesure | ALGOR-IT\u200b","isPartOf":{"@id":"https:\/\/www.algor-it.com\/en\/#website"},"datePublished":"2025-03-25T20:59:12+00:00","dateModified":"2025-04-30T12:28:15+00:00","description":"D\u00e9couvrez nos services en d\u00e9veloppement SaaS, int\u00e9gration d'IA et accompagnement digital pour transformer votre entreprise avec des solutions innovantes et personnalis\u00e9es.","breadcrumb":{"@id":"https:\/\/www.algor-it.com\/services\/#breadcrumb"},"inLanguage":"en-US","potentialAction":[{"@type":"ReadAction","target":["https:\/\/www.algor-it.com\/services\/"]}]},{"@type":"BreadcrumbList","@id":"https:\/\/www.algor-it.com\/services\/#breadcrumb","itemListElement":[{"@type":"ListItem","position":1,"name":"Accueil","item":"https:\/\/www.algor-it.com\/"},{"@type":"ListItem","position":2,"name":"Services"}]},{"@type":"WebSite","@id":"https:\/\/www.algor-it.com\/en\/#website","url":"https:\/\/www.algor-it.com\/en\/","name":"Algor-IT","description":"Des id\u00e9es brillantes, des solutions intelligentes !","publisher":{"@id":"https:\/\/www.algor-it.com\/en\/#organization"},"potentialAction":[{"@type":"SearchAction","target":{"@type":"EntryPoint","urlTemplate":"https:\/\/www.algor-it.com\/en\/?s={search_term_string}"},"query-input":{"@type":"PropertyValueSpecification","valueRequired":true,"valueName":"search_term_string"}}],"inLanguage":"en-US"},{"@type":"Organization","@id":"https:\/\/www.algor-it.com\/en\/#organization","name":"Algor-IT","url":"https:\/\/www.algor-it.com\/en\/","logo":{"@type":"ImageObject","inLanguage":"en-US","@id":"https:\/\/www.algor-it.com\/en\/#\/schema\/logo\/image\/","url":"https:\/\/www.algor-it.com\/wp-content\/uploads\/2025\/03\/logo_algorit_dev_logiciel-NoBG.svg","contentUrl":"https:\/\/www.algor-it.com\/wp-content\/uploads\/2025\/03\/logo_algorit_dev_logiciel-NoBG.svg","width":181,"height":143,"caption":"Algor-IT"},"image":{"@id":"https:\/\/www.algor-it.com\/en\/#\/schema\/logo\/image\/"},"sameAs":["https:\/\/fr.linkedin.com\/company\/algor-it-france"]}]}},"_links":{"self":[{"href":"https:\/\/www.algor-it.com\/en\/wp-json\/wp\/v2\/pages\/24","targetHints":{"allow":["GET"]}}],"collection":[{"href":"https:\/\/www.algor-it.com\/en\/wp-json\/wp\/v2\/pages"}],"about":[{"href":"https:\/\/www.algor-it.com\/en\/wp-json\/wp\/v2\/types\/page"}],"author":[{"embeddable":true,"href":"https:\/\/www.algor-it.com\/en\/wp-json\/wp\/v2\/users\/1"}],"replies":[{"embeddable":true,"href":"https:\/\/www.algor-it.com\/en\/wp-json\/wp\/v2\/comments?post=24"}],"version-history":[{"count":41,"href":"https:\/\/www.algor-it.com\/en\/wp-json\/wp\/v2\/pages\/24\/revisions"}],"predecessor-version":[{"id":1516,"href":"https:\/\/www.algor-it.com\/en\/wp-json\/wp\/v2\/pages\/24\/revisions\/1516"}],"wp:attachment":[{"href":"https:\/\/www.algor-it.com\/en\/wp-json\/wp\/v2\/media?parent=24"}],"curies":[{"name":"wp","href":"https:\/\/api.w.org\/{rel}","templated":true}]}}