{"id":3,"date":"2025-03-25T11:17:00","date_gmt":"2025-03-25T15:17:00","guid":{"rendered":"https:\/\/algor-it.com\/?page_id=3"},"modified":"2025-04-29T16:36:00","modified_gmt":"2025-04-29T20:36:00","slug":"politique-de-confidentialite","status":"publish","type":"page","link":"https:\/\/www.algor-it.com\/en\/politique-de-confidentialite\/","title":{"rendered":"Privacy Policy"},"content":{"rendered":"<div data-elementor-type=\"wp-page\" data-elementor-id=\"3\" class=\"elementor elementor-3\" data-elementor-post-type=\"page\">\n\t\t\t\t<div class=\"elementor-element elementor-element-5f1ed6f2 e-flex e-con-boxed e-con e-parent\" data-id=\"5f1ed6f2\" data-element_type=\"container\">\n\t\t\t\t\t<div class=\"e-con-inner\">\n\t\t\t\t<div class=\"elementor-element elementor-element-1720f8e5 elementor-widget__width-initial elementor-widget elementor-widget-text-editor\" data-id=\"1720f8e5\" data-element_type=\"widget\" data-widget_type=\"text-editor.default\">\n\t\t\t\t<div class=\"elementor-widget-container\">\n\t\t\t\t\t\t\t\t\t<p class=\"\" data-start=\"773\" data-end=\"985\">We attach great importance to the protection of your personal data. <br \/>This policy explains what information is collected, how it is used, and your rights as a user.<\/p><h3 data-start=\"987\" data-end=\"1285\"><strong data-start=\"987\" data-end=\"1012\">1. Data collected<\/strong><\/h3><p class=\"\" data-start=\"987\" data-end=\"1285\">We collect certain information through contact forms, audience measurement tools, or when using our online services.\u00a0<br \/><span style=\"color: var( --e-global-color-text ); font-family: var( --e-global-typography-text-font-family ), Sans-serif; font-size: var( --e-global-typography-text-font-size ); font-weight: var( --e-global-typography-text-font-weight );\">This may include your name, email address, IP address, or any other data you voluntarily submit.<\/span><\/p><h3 data-start=\"1287\" data-end=\"1477\"><strong data-start=\"1287\" data-end=\"1317\">2. Utilisation des donn\u00e9es<\/strong><\/h3><p class=\"\" data-start=\"1287\" data-end=\"1477\">Ces informations sont utilis\u00e9es uniquement dans le cadre de nos relations avec vous : r\u00e9pondre \u00e0 vos demandes, envoyer des communications, am\u00e9liorer le site.<\/p><h3 data-start=\"1479\" data-end=\"1602\"><strong data-start=\"1479\" data-end=\"1497\">3. Legal basis<\/strong><\/h3><p class=\"\" data-start=\"1479\" data-end=\"1602\">The processing is based on your consent or our legitimate interest in providing our services to you.<\/p><h3 data-start=\"1604\" data-end=\"1769\"><strong data-start=\"1604\" data-end=\"1631\">4. Storage and security<\/strong><\/h3><p class=\"\" data-start=\"1604\" data-end=\"1769\">The data is hosted by OVH in France. We implement all necessary measures to ensure its confidentiality.<\/p><h3 data-start=\"1771\" data-end=\"1879\"><strong data-start=\"1771\" data-end=\"1788\">5. Your rights<\/strong><\/h3><p class=\"\" data-start=\"1771\" data-end=\"1879\">In accordance with the GDPR (Europe) and Law 25 (Quebec), you have the following rights:<\/p><ul data-start=\"1880\" data-end=\"2048\"><li class=\"\" data-start=\"1880\" data-end=\"1897\"><p class=\"\" data-start=\"1882\" data-end=\"1897\">Right of access<\/p><\/li><li class=\"\" data-start=\"1898\" data-end=\"1924\"><p class=\"\" data-start=\"1900\" data-end=\"1924\">Right of rectification<\/p><\/li><li class=\"\" data-start=\"1925\" data-end=\"1949\"><p class=\"\" data-start=\"1927\" data-end=\"1949\">Right to erasure<\/p><\/li><li class=\"\" data-start=\"1950\" data-end=\"1972\"><p class=\"\" data-start=\"1952\" data-end=\"1972\">Right to object<\/p><\/li><li class=\"\" data-start=\"1973\" data-end=\"2008\"><p class=\"\" data-start=\"1975\" data-end=\"2008\">Right to portability (Europe)<\/p><\/li><li class=\"\" data-start=\"2009\" data-end=\"2048\"><p class=\"\" data-start=\"2011\" data-end=\"2048\">Right to withdraw your consent<\/p><\/li><\/ul><p class=\"\" data-start=\"2050\" data-end=\"2113\">To exercise these rights, contact us at: <a href=\"mailto:contact@algor-it.com\" rel=\"noopener\" data-start=\"2094\" data-end=\"2113\">contact@algor-it.com<\/a><\/p><h3 data-start=\"2115\" data-end=\"2355\"><strong data-start=\"2115\" data-end=\"2150\">6. Quebec Specificities \u2013 Law 25<\/strong><\/h3><p class=\"\" data-start=\"2115\" data-end=\"2355\">Quebec users benefit from similar rights, with the obligation for us to appoint a person responsible for the protection of personal information. <br \/>For any request: <a href=\"mailto:contact@algor-it.com\" rel=\"noopener\" data-start=\"2336\" data-end=\"2355\">contact@algor-it.com<\/a><\/p>\t\t\t\t\t\t\t\t<\/div>\n\t\t\t\t<\/div>\n\t\t\t\t\t<\/div>\n\t\t\t\t<\/div>\n\t\t\t\t<\/div>","protected":false},"excerpt":{"rendered":"<p>Nous attachons une grande importance \u00e0 la protection de vos donn\u00e9es personnelles. Cette politique explique quelles informations sont collect\u00e9es, comment elles sont utilis\u00e9es, et vos droits en tant qu\u2019utilisateur. 1. Donn\u00e9es collect\u00e9es Nous collectons certaines informations via les formulaires de contact, les outils de mesure d\u2019audience, ou lors de l&rsquo;utilisation de nos services en ligne.\u00a0Cela [&hellip;]<\/p>\n","protected":false},"author":1,"featured_media":0,"parent":0,"menu_order":0,"comment_status":"closed","ping_status":"open","template":"","meta":{"footnotes":""},"class_list":["post-3","page","type-page","status-publish","hentry"],"yoast_head":"<!-- This site is optimized with the Yoast SEO plugin v27.3 - https:\/\/yoast.com\/product\/yoast-seo-wordpress\/ -->\n<title>Politique de confidentialit\u00e9 - Algor-IT<\/title>\n<meta name=\"robots\" content=\"index, follow, max-snippet:-1, max-image-preview:large, max-video-preview:-1\" \/>\n<link rel=\"canonical\" href=\"https:\/\/www.algor-it.com\/en\/politique-de-confidentialite\/\" \/>\n<meta property=\"og:locale\" content=\"en_US\" \/>\n<meta property=\"og:type\" content=\"article\" \/>\n<meta property=\"og:title\" content=\"Politique de confidentialit\u00e9 - Algor-IT\" \/>\n<meta property=\"og:description\" content=\"Nous attachons une grande importance \u00e0 la protection de vos donn\u00e9es personnelles. Cette politique explique quelles informations sont collect\u00e9es, comment elles sont utilis\u00e9es, et vos droits en tant qu\u2019utilisateur. 1. Donn\u00e9es collect\u00e9es Nous collectons certaines informations via les formulaires de contact, les outils de mesure d\u2019audience, ou lors de l&rsquo;utilisation de nos services en ligne.\u00a0Cela [&hellip;]\" \/>\n<meta property=\"og:url\" content=\"https:\/\/www.algor-it.com\/en\/politique-de-confidentialite\/\" \/>\n<meta property=\"og:site_name\" content=\"Algor-IT\" \/>\n<meta property=\"article:modified_time\" content=\"2025-04-29T20:36:00+00:00\" \/>\n<meta property=\"og:image\" content=\"https:\/\/www.algor-it.com\/wp-content\/uploads\/2025\/05\/logo_RS.png\" \/>\n\t<meta property=\"og:image:width\" content=\"300\" \/>\n\t<meta property=\"og:image:height\" content=\"300\" \/>\n\t<meta property=\"og:image:type\" content=\"image\/png\" \/>\n<meta name=\"twitter:card\" content=\"summary_large_image\" \/>\n<meta name=\"twitter:label1\" content=\"Est. reading time\" \/>\n\t<meta name=\"twitter:data1\" content=\"1 minute\" \/>\n<script type=\"application\/ld+json\" class=\"yoast-schema-graph\">{\"@context\":\"https:\\\/\\\/schema.org\",\"@graph\":[{\"@type\":\"WebPage\",\"@id\":\"https:\\\/\\\/www.algor-it.com\\\/en\\\/politique-de-confidentialite\\\/\",\"url\":\"https:\\\/\\\/www.algor-it.com\\\/en\\\/politique-de-confidentialite\\\/\",\"name\":\"Politique de confidentialit\u00e9 - Algor-IT\",\"isPartOf\":{\"@id\":\"https:\\\/\\\/www.algor-it.com\\\/en\\\/#website\"},\"datePublished\":\"2025-03-25T15:17:00+00:00\",\"dateModified\":\"2025-04-29T20:36:00+00:00\",\"breadcrumb\":{\"@id\":\"https:\\\/\\\/www.algor-it.com\\\/en\\\/politique-de-confidentialite\\\/#breadcrumb\"},\"inLanguage\":\"en-US\",\"potentialAction\":[{\"@type\":\"ReadAction\",\"target\":[\"https:\\\/\\\/www.algor-it.com\\\/en\\\/politique-de-confidentialite\\\/\"]}]},{\"@type\":\"BreadcrumbList\",\"@id\":\"https:\\\/\\\/www.algor-it.com\\\/en\\\/politique-de-confidentialite\\\/#breadcrumb\",\"itemListElement\":[{\"@type\":\"ListItem\",\"position\":1,\"name\":\"Accueil\",\"item\":\"https:\\\/\\\/www.algor-it.com\\\/\"},{\"@type\":\"ListItem\",\"position\":2,\"name\":\"Politique de confidentialit\u00e9\"}]},{\"@type\":\"WebSite\",\"@id\":\"https:\\\/\\\/www.algor-it.com\\\/en\\\/#website\",\"url\":\"https:\\\/\\\/www.algor-it.com\\\/en\\\/\",\"name\":\"Algor-IT\",\"description\":\"Des id\u00e9es brillantes, des solutions intelligentes !\",\"publisher\":{\"@id\":\"https:\\\/\\\/www.algor-it.com\\\/en\\\/#organization\"},\"potentialAction\":[{\"@type\":\"SearchAction\",\"target\":{\"@type\":\"EntryPoint\",\"urlTemplate\":\"https:\\\/\\\/www.algor-it.com\\\/en\\\/?s={search_term_string}\"},\"query-input\":{\"@type\":\"PropertyValueSpecification\",\"valueRequired\":true,\"valueName\":\"search_term_string\"}}],\"inLanguage\":\"en-US\"},{\"@type\":\"Organization\",\"@id\":\"https:\\\/\\\/www.algor-it.com\\\/en\\\/#organization\",\"name\":\"Algor-IT\",\"url\":\"https:\\\/\\\/www.algor-it.com\\\/en\\\/\",\"logo\":{\"@type\":\"ImageObject\",\"inLanguage\":\"en-US\",\"@id\":\"https:\\\/\\\/www.algor-it.com\\\/en\\\/#\\\/schema\\\/logo\\\/image\\\/\",\"url\":\"https:\\\/\\\/www.algor-it.com\\\/wp-content\\\/uploads\\\/2025\\\/03\\\/logo_algorit_dev_logiciel-NoBG.svg\",\"contentUrl\":\"https:\\\/\\\/www.algor-it.com\\\/wp-content\\\/uploads\\\/2025\\\/03\\\/logo_algorit_dev_logiciel-NoBG.svg\",\"width\":181,\"height\":143,\"caption\":\"Algor-IT\"},\"image\":{\"@id\":\"https:\\\/\\\/www.algor-it.com\\\/en\\\/#\\\/schema\\\/logo\\\/image\\\/\"},\"sameAs\":[\"https:\\\/\\\/fr.linkedin.com\\\/company\\\/algor-it-france\"]}]}<\/script>\n<!-- \/ Yoast SEO plugin. -->","yoast_head_json":{"title":"Politique de confidentialit\u00e9 - Algor-IT","robots":{"index":"index","follow":"follow","max-snippet":"max-snippet:-1","max-image-preview":"max-image-preview:large","max-video-preview":"max-video-preview:-1"},"canonical":"https:\/\/www.algor-it.com\/en\/politique-de-confidentialite\/","og_locale":"en_US","og_type":"article","og_title":"Politique de confidentialit\u00e9 - Algor-IT","og_description":"Nous attachons une grande importance \u00e0 la protection de vos donn\u00e9es personnelles. Cette politique explique quelles informations sont collect\u00e9es, comment elles sont utilis\u00e9es, et vos droits en tant qu\u2019utilisateur. 1. Donn\u00e9es collect\u00e9es Nous collectons certaines informations via les formulaires de contact, les outils de mesure d\u2019audience, ou lors de l&rsquo;utilisation de nos services en ligne.\u00a0Cela [&hellip;]","og_url":"https:\/\/www.algor-it.com\/en\/politique-de-confidentialite\/","og_site_name":"Algor-IT","article_modified_time":"2025-04-29T20:36:00+00:00","og_image":[{"width":300,"height":300,"url":"https:\/\/www.algor-it.com\/wp-content\/uploads\/2025\/05\/logo_RS.png","type":"image\/png"}],"twitter_card":"summary_large_image","twitter_misc":{"Est. reading time":"1 minute"},"schema":{"@context":"https:\/\/schema.org","@graph":[{"@type":"WebPage","@id":"https:\/\/www.algor-it.com\/en\/politique-de-confidentialite\/","url":"https:\/\/www.algor-it.com\/en\/politique-de-confidentialite\/","name":"Politique de confidentialit\u00e9 - Algor-IT","isPartOf":{"@id":"https:\/\/www.algor-it.com\/en\/#website"},"datePublished":"2025-03-25T15:17:00+00:00","dateModified":"2025-04-29T20:36:00+00:00","breadcrumb":{"@id":"https:\/\/www.algor-it.com\/en\/politique-de-confidentialite\/#breadcrumb"},"inLanguage":"en-US","potentialAction":[{"@type":"ReadAction","target":["https:\/\/www.algor-it.com\/en\/politique-de-confidentialite\/"]}]},{"@type":"BreadcrumbList","@id":"https:\/\/www.algor-it.com\/en\/politique-de-confidentialite\/#breadcrumb","itemListElement":[{"@type":"ListItem","position":1,"name":"Accueil","item":"https:\/\/www.algor-it.com\/"},{"@type":"ListItem","position":2,"name":"Politique de confidentialit\u00e9"}]},{"@type":"WebSite","@id":"https:\/\/www.algor-it.com\/en\/#website","url":"https:\/\/www.algor-it.com\/en\/","name":"Algor-IT","description":"Des id\u00e9es brillantes, des solutions intelligentes !","publisher":{"@id":"https:\/\/www.algor-it.com\/en\/#organization"},"potentialAction":[{"@type":"SearchAction","target":{"@type":"EntryPoint","urlTemplate":"https:\/\/www.algor-it.com\/en\/?s={search_term_string}"},"query-input":{"@type":"PropertyValueSpecification","valueRequired":true,"valueName":"search_term_string"}}],"inLanguage":"en-US"},{"@type":"Organization","@id":"https:\/\/www.algor-it.com\/en\/#organization","name":"Algor-IT","url":"https:\/\/www.algor-it.com\/en\/","logo":{"@type":"ImageObject","inLanguage":"en-US","@id":"https:\/\/www.algor-it.com\/en\/#\/schema\/logo\/image\/","url":"https:\/\/www.algor-it.com\/wp-content\/uploads\/2025\/03\/logo_algorit_dev_logiciel-NoBG.svg","contentUrl":"https:\/\/www.algor-it.com\/wp-content\/uploads\/2025\/03\/logo_algorit_dev_logiciel-NoBG.svg","width":181,"height":143,"caption":"Algor-IT"},"image":{"@id":"https:\/\/www.algor-it.com\/en\/#\/schema\/logo\/image\/"},"sameAs":["https:\/\/fr.linkedin.com\/company\/algor-it-france"]}]}},"_links":{"self":[{"href":"https:\/\/www.algor-it.com\/en\/wp-json\/wp\/v2\/pages\/3","targetHints":{"allow":["GET"]}}],"collection":[{"href":"https:\/\/www.algor-it.com\/en\/wp-json\/wp\/v2\/pages"}],"about":[{"href":"https:\/\/www.algor-it.com\/en\/wp-json\/wp\/v2\/types\/page"}],"author":[{"embeddable":true,"href":"https:\/\/www.algor-it.com\/en\/wp-json\/wp\/v2\/users\/1"}],"replies":[{"embeddable":true,"href":"https:\/\/www.algor-it.com\/en\/wp-json\/wp\/v2\/comments?post=3"}],"version-history":[{"count":28,"href":"https:\/\/www.algor-it.com\/en\/wp-json\/wp\/v2\/pages\/3\/revisions"}],"predecessor-version":[{"id":1687,"href":"https:\/\/www.algor-it.com\/en\/wp-json\/wp\/v2\/pages\/3\/revisions\/1687"}],"wp:attachment":[{"href":"https:\/\/www.algor-it.com\/en\/wp-json\/wp\/v2\/media?parent=3"}],"curies":[{"name":"wp","href":"https:\/\/api.w.org\/{rel}","templated":true}]}}