{"id":899,"date":"2025-04-10T09:34:25","date_gmt":"2025-04-10T13:34:25","guid":{"rendered":"https:\/\/www.algor-it.com\/politique-de-temoins-ue\/"},"modified":"2025-04-10T10:23:11","modified_gmt":"2025-04-10T14:23:11","slug":"politique-de-temoins-ue","status":"publish","type":"page","link":"https:\/\/www.algor-it.com\/en\/politique-de-temoins-ue\/","title":{"rendered":"Cookie Policy (EU)"},"content":{"rendered":"<div data-elementor-type=\"wp-page\" data-elementor-id=\"899\" class=\"elementor elementor-899\" data-elementor-post-type=\"page\">\n\t\t\t\t<div class=\"elementor-element elementor-element-568cced9 e-flex e-con-boxed e-con e-parent\" data-id=\"568cced9\" data-element_type=\"container\">\n\t\t\t\t\t<div class=\"e-con-inner\">\n\t\t\t\t<div class=\"elementor-element elementor-element-23ac24c elementor-widget__width-initial elementor-widget elementor-widget-text-editor\" data-id=\"23ac24c\" data-element_type=\"widget\" data-widget_type=\"text-editor.default\">\n\t\t\t\t<div class=\"elementor-widget-container\">\n\t\t\t\t\t\t\t\t\t<p><i>This Cookie Policy was last updated on April 10, 2025 and applies to citizens and legal permanent residents of the European Economic Area and Switzerland.<\/i><\/p><p>\u00a0<\/p><h3>1. Introduction<\/h3><p>Our website,\u00a0<a href=\"https:\/\/www.algor-it.com\/en\/\">https:\/\/www.algor-it.com<\/a>\u00a0(hereinafter: \"the website\") uses cookies and other related technologies (for convenience all technologies are referred to as \"cookies\"). Cookies are also placed by third parties we have engaged. In the document below we inform you about the use of cookies on our website.<\/p><p>\u00a0<\/p><h3>2. What are cookies?<\/h3><p>A cookie is a small simple file that is sent along with pages of this website and stored by your browser on the hard drive of your computer or another device. The information stored therein may be returned to our servers or to the servers of the relevant third parties during a subsequent visit.<\/p><p>\u00a0<\/p><h3>3. What are scripts?<\/h3><p>A script is a piece of program code that is used to make our website function properly and interactively. This code is executed on our server or on your device.<\/p><p>\u00a0<\/p><h3>4. What is an invisible tag?<\/h3><p>A web beacon (or pixel tag) is a small, invisible piece of text or image on a website that is used to monitor traffic on a website. In order to do this, various data about you is stored using web beacons.<\/p><p>\u00a0<\/p><h3>5. Cookies<\/h3><p class=\"cmplz-subtitle\">5.1 Technical or functional cookies<\/p><p>Some cookies ensure that certain parts of the website function properly and that your user preferences are taken into account. By placing functional cookies, we make it easier for you to visit our website. This way, you do not need to repeatedly enter the same information when visiting our website and, for example, the items remain in your shopping cart until you have paid. We may place these cookies without your consent.<\/p><p class=\"cmplz-subtitle\">5.2 Statistical cookies<\/p><p>We use statistical cookies to optimize the user experience on our website. With these statistical cookies, we obtain information about the use of our website. We ask your permission to place statistical cookies.<\/p><p class=\"cmplz-subtitle\">5.3 Marketing\/Tracking Cookies<\/p><p>Marketing\/Tracking cookies are cookies or any other form of local storage, used to create user profiles to display advertising or to track the user on this website or across several websites for similar marketing purposes.<\/p><p class=\"cmplz-subtitle\">5.4 Social networks<\/p><p>On our website, we have included content from LinkedIn to promote web pages (e.g., \"like,\" \"pin\") or share them (e.g., \"tweet\") on social networks like LinkedIn. This content is embedded using code obtained from LinkedIn and places cookies. This content may store and process certain information for personalized advertising purposes.<\/p><p>Please read the privacy statements of these social networks (which may change regularly) to learn what they do with your (personal) data processed using these cookies. The data collected is anonymized as much as possible. LinkedIn is located in the United States.<\/p><p>\u00a0<\/p><h3>6. Consent<\/h3><p>When you visit our website for the first time, we will show you a pop-up with an explanation about cookies. As soon as you click on \"Save preferences\", you consent to us using the categories of cookies and plug-ins you selected in the pop-up, as described in this Cookie Policy. You can disable the use of cookies via your browser, but please note that our website may no longer work properly.<\/p><p>\u00a0<\/p><h3>7. Enable\/disable and delete cookies<\/h3><p>You can use your internet browser to automatically or manually delete cookies. You can also specify that certain cookies may not be placed. Another option is to change the settings of your internet browser so that you receive a message each time a cookie is placed. For more information about these options, please refer to the instructions in the Help section of your browser.<\/p><p>Please note that our website may not work properly if all cookies are disabled. If you delete the cookies in your browser, they will be placed again after your consent when you visit our website again.<\/p><p>\u00a0<\/p><h3>8. Your rights regarding personal data<\/h3><p>Vous avez les droits suivants concernant vos donn\u00e9es personnelles\u00a0:<\/p><ul><li>You have the right to know why your personal data is needed, what will happen to it and how long it will be kept.<\/li><li>Right of access: You have the right to access your personal data that we have.<\/li><li>Right of rectification: you have the right at any time to complete, correct, delete or block your personal data.<\/li><li>If you give us your consent to process your data, you have the right to revoke this consent and have your personal data deleted.<\/li><li>Right to transfer your data: You have the right to request all your personal data from the controller and to transfer them in their entirety to another controller.<\/li><li>Right to object: You can object to the processing of your data. We will comply, unless there are compelling reasons for this processing.<\/li><\/ul><p>To exercise these rights, please contact us. Please refer to the contact details at the bottom of this cookie policy. If you have a complaint about how we handle your data, we would like to hear from you, but you also have the right to submit a complaint to the supervisory authority (the Data Protection Authority).<\/p><p>\u00a0<\/p><h3>9. Contact details<\/h3><p>For questions and\/or comments regarding our Cookie Policy and this statement, please contact us using the following details:<\/p><p><span class=\"cmplz-contact-organisation\">Julien COLLIN<\/span><br \/><span class=\"cmplz-contact-address\">6 rue des petits augustins 81310 LISLE SUR TARN<\/span><br \/><span class=\"cmplz-contact-country\">France<\/span><br \/>Website:\u00a0<span class=\"cmplz-contact-domain\"><a href=\"https:\/\/www.algor-it.com\/en\/\">https:\/\/www.algor-it.com<\/a><\/span><br \/>E-mail\u00a0:\u00a0<span class=\"cmplz-contact-email\"><span class=\"cmplz-obfuscate\"><a href=\"mailto:contact@algor-it.com\">contact@algor-it.com<\/a><\/span><\/span><\/p><p>This cookie policy has been synchronized with\u00a0<a href=\"https:\/\/cookiedatabase.org\/\">cookiedatabase.org<\/a>\u00a0April 10, 2025.<\/p>\t\t\t\t\t\t\t\t<\/div>\n\t\t\t\t<\/div>\n\t\t\t\t\t<\/div>\n\t\t\t\t<\/div>\n\t\t\t\t<\/div>","protected":false},"excerpt":{"rendered":"<p>Cette politique de cookies a \u00e9t\u00e9 mise \u00e0 jour pour la derni\u00e8re fois le 10 avril 2025 et s\u2019applique aux citoyens et aux r\u00e9sidents permanents l\u00e9gaux de l\u2019Espace \u00c9conomique Europ\u00e9en et de la Suisse. \u00a0 1. Introduction Notre site web,\u00a0https:\/\/www.algor-it.com\u00a0(ci-apr\u00e8s\u00a0: \u00ab\u00a0le site web\u00a0\u00bb) utilise des cookies et autres technologies li\u00e9es (par simplification, toutes ces technologies [&hellip;]<\/p>\n","protected":false},"author":1,"featured_media":0,"parent":0,"menu_order":0,"comment_status":"closed","ping_status":"closed","template":"","meta":{"footnotes":""},"class_list":["post-899","page","type-page","status-publish","hentry"],"yoast_head":"<!-- This site is optimized with the Yoast SEO plugin v27.3 - https:\/\/yoast.com\/product\/yoast-seo-wordpress\/ -->\n<title>Politique de t\u00e9moins (UE) - Algor-IT<\/title>\n<meta name=\"robots\" content=\"index, follow, max-snippet:-1, max-image-preview:large, max-video-preview:-1\" \/>\n<link rel=\"canonical\" href=\"https:\/\/www.algor-it.com\/en\/politique-de-temoins-ue\/\" \/>\n<meta property=\"og:locale\" content=\"en_US\" \/>\n<meta property=\"og:type\" content=\"article\" \/>\n<meta property=\"og:title\" content=\"Politique de t\u00e9moins (UE) - Algor-IT\" \/>\n<meta property=\"og:description\" content=\"Cette politique de cookies a \u00e9t\u00e9 mise \u00e0 jour pour la derni\u00e8re fois le 10 avril 2025 et s\u2019applique aux citoyens et aux r\u00e9sidents permanents l\u00e9gaux de l\u2019Espace \u00c9conomique Europ\u00e9en et de la Suisse. \u00a0 1. Introduction Notre site web,\u00a0https:\/\/www.algor-it.com\u00a0(ci-apr\u00e8s\u00a0: \u00ab\u00a0le site web\u00a0\u00bb) utilise des cookies et autres technologies li\u00e9es (par simplification, toutes ces technologies [&hellip;]\" \/>\n<meta property=\"og:url\" content=\"https:\/\/www.algor-it.com\/en\/politique-de-temoins-ue\/\" \/>\n<meta property=\"og:site_name\" content=\"Algor-IT\" \/>\n<meta property=\"article:modified_time\" content=\"2025-04-10T14:23:11+00:00\" \/>\n<meta property=\"og:image\" content=\"https:\/\/www.algor-it.com\/wp-content\/uploads\/2025\/05\/logo_RS.png\" \/>\n\t<meta property=\"og:image:width\" content=\"300\" \/>\n\t<meta property=\"og:image:height\" content=\"300\" \/>\n\t<meta property=\"og:image:type\" content=\"image\/png\" \/>\n<meta name=\"twitter:card\" content=\"summary_large_image\" \/>\n<meta name=\"twitter:label1\" content=\"Est. reading time\" \/>\n\t<meta name=\"twitter:data1\" content=\"5 minutes\" \/>\n<script type=\"application\/ld+json\" class=\"yoast-schema-graph\">{\"@context\":\"https:\\\/\\\/schema.org\",\"@graph\":[{\"@type\":\"WebPage\",\"@id\":\"https:\\\/\\\/www.algor-it.com\\\/politique-de-temoins-ue\\\/\",\"url\":\"https:\\\/\\\/www.algor-it.com\\\/politique-de-temoins-ue\\\/\",\"name\":\"Politique de t\u00e9moins (UE) - Algor-IT\",\"isPartOf\":{\"@id\":\"https:\\\/\\\/www.algor-it.com\\\/en\\\/#website\"},\"datePublished\":\"2025-04-10T13:34:25+00:00\",\"dateModified\":\"2025-04-10T14:23:11+00:00\",\"breadcrumb\":{\"@id\":\"https:\\\/\\\/www.algor-it.com\\\/politique-de-temoins-ue\\\/#breadcrumb\"},\"inLanguage\":\"en-US\",\"potentialAction\":[{\"@type\":\"ReadAction\",\"target\":[\"https:\\\/\\\/www.algor-it.com\\\/politique-de-temoins-ue\\\/\"]}]},{\"@type\":\"BreadcrumbList\",\"@id\":\"https:\\\/\\\/www.algor-it.com\\\/politique-de-temoins-ue\\\/#breadcrumb\",\"itemListElement\":[{\"@type\":\"ListItem\",\"position\":1,\"name\":\"Accueil\",\"item\":\"https:\\\/\\\/www.algor-it.com\\\/\"},{\"@type\":\"ListItem\",\"position\":2,\"name\":\"Politique de t\u00e9moins (UE)\"}]},{\"@type\":\"WebSite\",\"@id\":\"https:\\\/\\\/www.algor-it.com\\\/en\\\/#website\",\"url\":\"https:\\\/\\\/www.algor-it.com\\\/en\\\/\",\"name\":\"Algor-IT\",\"description\":\"Des id\u00e9es brillantes, des solutions intelligentes !\",\"publisher\":{\"@id\":\"https:\\\/\\\/www.algor-it.com\\\/en\\\/#organization\"},\"potentialAction\":[{\"@type\":\"SearchAction\",\"target\":{\"@type\":\"EntryPoint\",\"urlTemplate\":\"https:\\\/\\\/www.algor-it.com\\\/en\\\/?s={search_term_string}\"},\"query-input\":{\"@type\":\"PropertyValueSpecification\",\"valueRequired\":true,\"valueName\":\"search_term_string\"}}],\"inLanguage\":\"en-US\"},{\"@type\":\"Organization\",\"@id\":\"https:\\\/\\\/www.algor-it.com\\\/en\\\/#organization\",\"name\":\"Algor-IT\",\"url\":\"https:\\\/\\\/www.algor-it.com\\\/en\\\/\",\"logo\":{\"@type\":\"ImageObject\",\"inLanguage\":\"en-US\",\"@id\":\"https:\\\/\\\/www.algor-it.com\\\/en\\\/#\\\/schema\\\/logo\\\/image\\\/\",\"url\":\"https:\\\/\\\/www.algor-it.com\\\/wp-content\\\/uploads\\\/2025\\\/03\\\/logo_algorit_dev_logiciel-NoBG.svg\",\"contentUrl\":\"https:\\\/\\\/www.algor-it.com\\\/wp-content\\\/uploads\\\/2025\\\/03\\\/logo_algorit_dev_logiciel-NoBG.svg\",\"width\":181,\"height\":143,\"caption\":\"Algor-IT\"},\"image\":{\"@id\":\"https:\\\/\\\/www.algor-it.com\\\/en\\\/#\\\/schema\\\/logo\\\/image\\\/\"},\"sameAs\":[\"https:\\\/\\\/fr.linkedin.com\\\/company\\\/algor-it-france\"]}]}<\/script>\n<!-- \/ Yoast SEO plugin. -->","yoast_head_json":{"title":"Politique de t\u00e9moins (UE) - Algor-IT","robots":{"index":"index","follow":"follow","max-snippet":"max-snippet:-1","max-image-preview":"max-image-preview:large","max-video-preview":"max-video-preview:-1"},"canonical":"https:\/\/www.algor-it.com\/en\/politique-de-temoins-ue\/","og_locale":"en_US","og_type":"article","og_title":"Politique de t\u00e9moins (UE) - Algor-IT","og_description":"Cette politique de cookies a \u00e9t\u00e9 mise \u00e0 jour pour la derni\u00e8re fois le 10 avril 2025 et s\u2019applique aux citoyens et aux r\u00e9sidents permanents l\u00e9gaux de l\u2019Espace \u00c9conomique Europ\u00e9en et de la Suisse. \u00a0 1. Introduction Notre site web,\u00a0https:\/\/www.algor-it.com\u00a0(ci-apr\u00e8s\u00a0: \u00ab\u00a0le site web\u00a0\u00bb) utilise des cookies et autres technologies li\u00e9es (par simplification, toutes ces technologies [&hellip;]","og_url":"https:\/\/www.algor-it.com\/en\/politique-de-temoins-ue\/","og_site_name":"Algor-IT","article_modified_time":"2025-04-10T14:23:11+00:00","og_image":[{"width":300,"height":300,"url":"https:\/\/www.algor-it.com\/wp-content\/uploads\/2025\/05\/logo_RS.png","type":"image\/png"}],"twitter_card":"summary_large_image","twitter_misc":{"Est. reading time":"5 minutes"},"schema":{"@context":"https:\/\/schema.org","@graph":[{"@type":"WebPage","@id":"https:\/\/www.algor-it.com\/politique-de-temoins-ue\/","url":"https:\/\/www.algor-it.com\/politique-de-temoins-ue\/","name":"Politique de t\u00e9moins (UE) - Algor-IT","isPartOf":{"@id":"https:\/\/www.algor-it.com\/en\/#website"},"datePublished":"2025-04-10T13:34:25+00:00","dateModified":"2025-04-10T14:23:11+00:00","breadcrumb":{"@id":"https:\/\/www.algor-it.com\/politique-de-temoins-ue\/#breadcrumb"},"inLanguage":"en-US","potentialAction":[{"@type":"ReadAction","target":["https:\/\/www.algor-it.com\/politique-de-temoins-ue\/"]}]},{"@type":"BreadcrumbList","@id":"https:\/\/www.algor-it.com\/politique-de-temoins-ue\/#breadcrumb","itemListElement":[{"@type":"ListItem","position":1,"name":"Accueil","item":"https:\/\/www.algor-it.com\/"},{"@type":"ListItem","position":2,"name":"Politique de t\u00e9moins (UE)"}]},{"@type":"WebSite","@id":"https:\/\/www.algor-it.com\/en\/#website","url":"https:\/\/www.algor-it.com\/en\/","name":"Algor-IT","description":"Des id\u00e9es brillantes, des solutions intelligentes !","publisher":{"@id":"https:\/\/www.algor-it.com\/en\/#organization"},"potentialAction":[{"@type":"SearchAction","target":{"@type":"EntryPoint","urlTemplate":"https:\/\/www.algor-it.com\/en\/?s={search_term_string}"},"query-input":{"@type":"PropertyValueSpecification","valueRequired":true,"valueName":"search_term_string"}}],"inLanguage":"en-US"},{"@type":"Organization","@id":"https:\/\/www.algor-it.com\/en\/#organization","name":"Algor-IT","url":"https:\/\/www.algor-it.com\/en\/","logo":{"@type":"ImageObject","inLanguage":"en-US","@id":"https:\/\/www.algor-it.com\/en\/#\/schema\/logo\/image\/","url":"https:\/\/www.algor-it.com\/wp-content\/uploads\/2025\/03\/logo_algorit_dev_logiciel-NoBG.svg","contentUrl":"https:\/\/www.algor-it.com\/wp-content\/uploads\/2025\/03\/logo_algorit_dev_logiciel-NoBG.svg","width":181,"height":143,"caption":"Algor-IT"},"image":{"@id":"https:\/\/www.algor-it.com\/en\/#\/schema\/logo\/image\/"},"sameAs":["https:\/\/fr.linkedin.com\/company\/algor-it-france"]}]}},"_links":{"self":[{"href":"https:\/\/www.algor-it.com\/en\/wp-json\/wp\/v2\/pages\/899","targetHints":{"allow":["GET"]}}],"collection":[{"href":"https:\/\/www.algor-it.com\/en\/wp-json\/wp\/v2\/pages"}],"about":[{"href":"https:\/\/www.algor-it.com\/en\/wp-json\/wp\/v2\/types\/page"}],"author":[{"embeddable":true,"href":"https:\/\/www.algor-it.com\/en\/wp-json\/wp\/v2\/users\/1"}],"replies":[{"embeddable":true,"href":"https:\/\/www.algor-it.com\/en\/wp-json\/wp\/v2\/comments?post=899"}],"version-history":[{"count":12,"href":"https:\/\/www.algor-it.com\/en\/wp-json\/wp\/v2\/pages\/899\/revisions"}],"predecessor-version":[{"id":915,"href":"https:\/\/www.algor-it.com\/en\/wp-json\/wp\/v2\/pages\/899\/revisions\/915"}],"wp:attachment":[{"href":"https:\/\/www.algor-it.com\/en\/wp-json\/wp\/v2\/media?parent=899"}],"curies":[{"name":"wp","href":"https:\/\/api.w.org\/{rel}","templated":true}]}}