{"id":916,"date":"2025-04-10T10:29:28","date_gmt":"2025-04-10T14:29:28","guid":{"rendered":"https:\/\/www.algor-it.com\/?page_id=916"},"modified":"2025-04-10T10:33:25","modified_gmt":"2025-04-10T14:33:25","slug":"mentions-legales","status":"publish","type":"page","link":"https:\/\/www.algor-it.com\/en\/mentions-legales\/","title":{"rendered":"Legal Notices"},"content":{"rendered":"<div data-elementor-type=\"wp-page\" data-elementor-id=\"916\" class=\"elementor elementor-916\" data-elementor-post-type=\"page\">\n\t\t\t\t<div class=\"elementor-element elementor-element-5f1ed6f2 e-flex e-con-boxed e-con e-parent\" data-id=\"5f1ed6f2\" data-element_type=\"container\">\n\t\t\t\t\t<div class=\"e-con-inner\">\n\t\t\t\t<div class=\"elementor-element elementor-element-1720f8e5 elementor-widget__width-initial elementor-widget elementor-widget-text-editor\" data-id=\"1720f8e5\" data-element_type=\"widget\" data-widget_type=\"text-editor.default\">\n\t\t\t\t<div class=\"elementor-widget-container\">\n\t\t\t\t\t\t\t\t\t<p class=\"\" data-start=\"773\" data-end=\"985\">The purpose of this legal notice is to define the conditions under which you can access and use our website.<\/p><p data-start=\"773\" data-end=\"985\">\u00a0<\/p><h3 data-start=\"987\" data-end=\"1285\"><strong data-start=\"987\" data-end=\"1012\">1. Legal information<\/strong><\/h3><p class=\"\" data-start=\"987\" data-end=\"1285\">This website is published by the company ALGOR-IT, a simplified joint-stock company (SASU) registered with the Trade and Companies Register under number 849 562 079 RCS Albi.<\/p><p class=\"\" data-start=\"1287\" data-end=\"1477\">Head office: 6 rue des petits augustins, 81310 LISLE SUR TARN, France<\/p><p class=\"\" data-start=\"1287\" data-end=\"1477\">Intra-community VAT number: FR94849562079<\/p><p class=\"\" data-start=\"1287\" data-end=\"1477\">Publication Director: Julien Collin<\/p><p class=\"\" data-start=\"1287\" data-end=\"1477\">Host: OVH, 2 rue Kellermann \u2013 59100 Roubaix, France.<\/p><p data-start=\"1287\" data-end=\"1477\">\u00a0<\/p><h3 data-start=\"1479\" data-end=\"1602\"><strong data-start=\"1479\" data-end=\"1497\">2. Intellectual property<\/strong><\/h3><p class=\"\" data-start=\"1479\" data-end=\"1602\">The content of this site (texts, images, logos, videos, etc.) is protected by intellectual property rights. Any reproduction, distribution, or use without authorization is prohibited.<\/p><p data-start=\"1479\" data-end=\"1602\">\u00a0<\/p><h3 data-start=\"1604\" data-end=\"1769\"><strong data-start=\"1604\" data-end=\"1631\">3. Conditions of Use<\/strong><\/h3><p class=\"\" data-start=\"1604\" data-end=\"1769\">Access to and use of this website are subject to these terms of use. By using our site, you agree to abide by these terms.<\/p><p data-start=\"1604\" data-end=\"1769\">\u00a0<\/p><h3 data-start=\"1771\" data-end=\"1879\"><strong data-start=\"1771\" data-end=\"1788\">4. Responsibility<\/strong><\/h3><p class=\"\" data-start=\"1771\" data-end=\"1879\">We make every effort to ensure the accuracy and updating of the information on the site. However, we cannot guarantee the absence of errors or omissions.<\/p><p data-start=\"1771\" data-end=\"1879\">\u00a0<\/p><h3 data-start=\"1880\" data-end=\"2048\"><strong data-start=\"1880\" data-end=\"1897\">5. Collection of personal data<\/strong><\/h3><p class=\"\" data-start=\"1880\" data-end=\"1897\">For more information on the collection, use and protection of your personal data, please consult our **Privacy Policy**.<\/p><p data-start=\"1880\" data-end=\"1897\">\u00a0<\/p><h3 data-start=\"2049\" data-end=\"2217\"><strong data-start=\"2049\" data-end=\"2071\">6. Changes to the legal notices<\/strong><\/h3><p class=\"\" data-start=\"2049\" data-end=\"2217\">We reserve the right to modify these legal notices at any time, in particular to comply with current legislation. Changes will come into effect as soon as they are published on this site.<\/p><p data-start=\"2049\" data-end=\"2217\">\u00a0<\/p><h3 data-start=\"2219\" data-end=\"2355\"><strong data-start=\"2219\" data-end=\"2250\">7. Contact details<\/strong><\/h3><p class=\"\" data-start=\"2219\" data-end=\"2355\">For any questions relating to these legal notices or the use of the site, you can contact us at the following address:<\/p><p class=\"\" data-start=\"2219\" data-end=\"2355\">Julien Collin<\/p><p class=\"\" data-start=\"2456\" data-end=\"2556\">6 rue des petits augustins, 81310 LISLE SUR TARN, France<\/p><p class=\"\" data-start=\"2556\" data-end=\"2656\">Website: <a href=\"https:\/\/www.algor-it.com\/en\/\">https:\/\/www.algor-it.com<\/a><\/p><p class=\"\" data-start=\"2656\" data-end=\"2756\">E-mail : <a href=\"mailto:contact@algor-it.com\">contact@algor-it.com<\/a><\/p><p data-start=\"2656\" data-end=\"2756\">\u00a0<\/p><h3 data-start=\"2757\" data-end=\"2855\"><strong data-start=\"2757\" data-end=\"2800\">8. Quebec Specificities \u2013 Law 25<\/strong><\/h3><p class=\"\" data-start=\"2757\" data-end=\"2855\">Quebec users have similar rights. In accordance with Act 25 on the Protection of Personal Information, we have appointed a Privacy Officer.<\/p><p class=\"\" data-start=\"2855\" data-end=\"2955\">For any questions or requests relating to your personal information, you can contact us at: <a href=\"mailto:contact@algor-it.com\">contact@algor-it.com<\/a><\/p>\t\t\t\t\t\t\t\t<\/div>\n\t\t\t\t<\/div>\n\t\t\t\t\t<\/div>\n\t\t\t\t<\/div>\n\t\t\t\t<\/div>","protected":false},"excerpt":{"rendered":"<p>Les pr\u00e9sentes mentions l\u00e9gales ont pour objectif de d\u00e9finir les conditions dans lesquelles vous pouvez acc\u00e9der et utiliser notre site web. \u00a0 1. Informations l\u00e9gales Le pr\u00e9sent site web est \u00e9dit\u00e9 par la soci\u00e9t\u00e9 ALGOR-IT, soci\u00e9t\u00e9 par actions simplifi\u00e9e unipersonnelle (SASU) immatricul\u00e9e au Registre du Commerce et des Soci\u00e9t\u00e9s sous le num\u00e9ro 849 562 079 [&hellip;]<\/p>\n","protected":false},"author":1,"featured_media":0,"parent":0,"menu_order":0,"comment_status":"closed","ping_status":"open","template":"","meta":{"footnotes":""},"class_list":["post-916","page","type-page","status-publish","hentry"],"yoast_head":"<!-- This site is optimized with the Yoast SEO plugin v27.3 - https:\/\/yoast.com\/product\/yoast-seo-wordpress\/ -->\n<title>Mentions L\u00e9gales - Algor-IT<\/title>\n<meta name=\"robots\" content=\"index, follow, max-snippet:-1, max-image-preview:large, max-video-preview:-1\" \/>\n<link rel=\"canonical\" href=\"https:\/\/www.algor-it.com\/en\/mentions-legales\/\" \/>\n<meta property=\"og:locale\" content=\"en_US\" \/>\n<meta property=\"og:type\" content=\"article\" \/>\n<meta property=\"og:title\" content=\"Mentions L\u00e9gales - Algor-IT\" \/>\n<meta property=\"og:description\" content=\"Les pr\u00e9sentes mentions l\u00e9gales ont pour objectif de d\u00e9finir les conditions dans lesquelles vous pouvez acc\u00e9der et utiliser notre site web. \u00a0 1. Informations l\u00e9gales Le pr\u00e9sent site web est \u00e9dit\u00e9 par la soci\u00e9t\u00e9 ALGOR-IT, soci\u00e9t\u00e9 par actions simplifi\u00e9e unipersonnelle (SASU) immatricul\u00e9e au Registre du Commerce et des Soci\u00e9t\u00e9s sous le num\u00e9ro 849 562 079 [&hellip;]\" \/>\n<meta property=\"og:url\" content=\"https:\/\/www.algor-it.com\/en\/mentions-legales\/\" \/>\n<meta property=\"og:site_name\" content=\"Algor-IT\" \/>\n<meta property=\"article:modified_time\" content=\"2025-04-10T14:33:25+00:00\" \/>\n<meta property=\"og:image\" content=\"https:\/\/www.algor-it.com\/wp-content\/uploads\/2025\/05\/logo_RS.png\" \/>\n\t<meta property=\"og:image:width\" content=\"300\" \/>\n\t<meta property=\"og:image:height\" content=\"300\" \/>\n\t<meta property=\"og:image:type\" content=\"image\/png\" \/>\n<meta name=\"twitter:card\" content=\"summary_large_image\" \/>\n<meta name=\"twitter:label1\" content=\"Est. reading time\" \/>\n\t<meta name=\"twitter:data1\" content=\"2 minutes\" \/>\n<script type=\"application\/ld+json\" class=\"yoast-schema-graph\">{\"@context\":\"https:\\\/\\\/schema.org\",\"@graph\":[{\"@type\":\"WebPage\",\"@id\":\"https:\\\/\\\/www.algor-it.com\\\/en\\\/mentions-legales\\\/\",\"url\":\"https:\\\/\\\/www.algor-it.com\\\/en\\\/mentions-legales\\\/\",\"name\":\"Mentions L\u00e9gales - Algor-IT\",\"isPartOf\":{\"@id\":\"https:\\\/\\\/www.algor-it.com\\\/en\\\/#website\"},\"datePublished\":\"2025-04-10T14:29:28+00:00\",\"dateModified\":\"2025-04-10T14:33:25+00:00\",\"breadcrumb\":{\"@id\":\"https:\\\/\\\/www.algor-it.com\\\/en\\\/mentions-legales\\\/#breadcrumb\"},\"inLanguage\":\"en-US\",\"potentialAction\":[{\"@type\":\"ReadAction\",\"target\":[\"https:\\\/\\\/www.algor-it.com\\\/en\\\/mentions-legales\\\/\"]}]},{\"@type\":\"BreadcrumbList\",\"@id\":\"https:\\\/\\\/www.algor-it.com\\\/en\\\/mentions-legales\\\/#breadcrumb\",\"itemListElement\":[{\"@type\":\"ListItem\",\"position\":1,\"name\":\"Accueil\",\"item\":\"https:\\\/\\\/www.algor-it.com\\\/\"},{\"@type\":\"ListItem\",\"position\":2,\"name\":\"Mentions L\u00e9gales\"}]},{\"@type\":\"WebSite\",\"@id\":\"https:\\\/\\\/www.algor-it.com\\\/en\\\/#website\",\"url\":\"https:\\\/\\\/www.algor-it.com\\\/en\\\/\",\"name\":\"Algor-IT\",\"description\":\"Des id\u00e9es brillantes, des solutions intelligentes !\",\"publisher\":{\"@id\":\"https:\\\/\\\/www.algor-it.com\\\/en\\\/#organization\"},\"potentialAction\":[{\"@type\":\"SearchAction\",\"target\":{\"@type\":\"EntryPoint\",\"urlTemplate\":\"https:\\\/\\\/www.algor-it.com\\\/en\\\/?s={search_term_string}\"},\"query-input\":{\"@type\":\"PropertyValueSpecification\",\"valueRequired\":true,\"valueName\":\"search_term_string\"}}],\"inLanguage\":\"en-US\"},{\"@type\":\"Organization\",\"@id\":\"https:\\\/\\\/www.algor-it.com\\\/en\\\/#organization\",\"name\":\"Algor-IT\",\"url\":\"https:\\\/\\\/www.algor-it.com\\\/en\\\/\",\"logo\":{\"@type\":\"ImageObject\",\"inLanguage\":\"en-US\",\"@id\":\"https:\\\/\\\/www.algor-it.com\\\/en\\\/#\\\/schema\\\/logo\\\/image\\\/\",\"url\":\"https:\\\/\\\/www.algor-it.com\\\/wp-content\\\/uploads\\\/2025\\\/03\\\/logo_algorit_dev_logiciel-NoBG.svg\",\"contentUrl\":\"https:\\\/\\\/www.algor-it.com\\\/wp-content\\\/uploads\\\/2025\\\/03\\\/logo_algorit_dev_logiciel-NoBG.svg\",\"width\":181,\"height\":143,\"caption\":\"Algor-IT\"},\"image\":{\"@id\":\"https:\\\/\\\/www.algor-it.com\\\/en\\\/#\\\/schema\\\/logo\\\/image\\\/\"},\"sameAs\":[\"https:\\\/\\\/fr.linkedin.com\\\/company\\\/algor-it-france\"]}]}<\/script>\n<!-- \/ Yoast SEO plugin. -->","yoast_head_json":{"title":"Mentions L\u00e9gales - Algor-IT","robots":{"index":"index","follow":"follow","max-snippet":"max-snippet:-1","max-image-preview":"max-image-preview:large","max-video-preview":"max-video-preview:-1"},"canonical":"https:\/\/www.algor-it.com\/en\/mentions-legales\/","og_locale":"en_US","og_type":"article","og_title":"Mentions L\u00e9gales - Algor-IT","og_description":"Les pr\u00e9sentes mentions l\u00e9gales ont pour objectif de d\u00e9finir les conditions dans lesquelles vous pouvez acc\u00e9der et utiliser notre site web. \u00a0 1. Informations l\u00e9gales Le pr\u00e9sent site web est \u00e9dit\u00e9 par la soci\u00e9t\u00e9 ALGOR-IT, soci\u00e9t\u00e9 par actions simplifi\u00e9e unipersonnelle (SASU) immatricul\u00e9e au Registre du Commerce et des Soci\u00e9t\u00e9s sous le num\u00e9ro 849 562 079 [&hellip;]","og_url":"https:\/\/www.algor-it.com\/en\/mentions-legales\/","og_site_name":"Algor-IT","article_modified_time":"2025-04-10T14:33:25+00:00","og_image":[{"width":300,"height":300,"url":"https:\/\/www.algor-it.com\/wp-content\/uploads\/2025\/05\/logo_RS.png","type":"image\/png"}],"twitter_card":"summary_large_image","twitter_misc":{"Est. reading time":"2 minutes"},"schema":{"@context":"https:\/\/schema.org","@graph":[{"@type":"WebPage","@id":"https:\/\/www.algor-it.com\/en\/mentions-legales\/","url":"https:\/\/www.algor-it.com\/en\/mentions-legales\/","name":"Mentions L\u00e9gales - Algor-IT","isPartOf":{"@id":"https:\/\/www.algor-it.com\/en\/#website"},"datePublished":"2025-04-10T14:29:28+00:00","dateModified":"2025-04-10T14:33:25+00:00","breadcrumb":{"@id":"https:\/\/www.algor-it.com\/en\/mentions-legales\/#breadcrumb"},"inLanguage":"en-US","potentialAction":[{"@type":"ReadAction","target":["https:\/\/www.algor-it.com\/en\/mentions-legales\/"]}]},{"@type":"BreadcrumbList","@id":"https:\/\/www.algor-it.com\/en\/mentions-legales\/#breadcrumb","itemListElement":[{"@type":"ListItem","position":1,"name":"Accueil","item":"https:\/\/www.algor-it.com\/"},{"@type":"ListItem","position":2,"name":"Mentions L\u00e9gales"}]},{"@type":"WebSite","@id":"https:\/\/www.algor-it.com\/en\/#website","url":"https:\/\/www.algor-it.com\/en\/","name":"Algor-IT","description":"Des id\u00e9es brillantes, des solutions intelligentes !","publisher":{"@id":"https:\/\/www.algor-it.com\/en\/#organization"},"potentialAction":[{"@type":"SearchAction","target":{"@type":"EntryPoint","urlTemplate":"https:\/\/www.algor-it.com\/en\/?s={search_term_string}"},"query-input":{"@type":"PropertyValueSpecification","valueRequired":true,"valueName":"search_term_string"}}],"inLanguage":"en-US"},{"@type":"Organization","@id":"https:\/\/www.algor-it.com\/en\/#organization","name":"Algor-IT","url":"https:\/\/www.algor-it.com\/en\/","logo":{"@type":"ImageObject","inLanguage":"en-US","@id":"https:\/\/www.algor-it.com\/en\/#\/schema\/logo\/image\/","url":"https:\/\/www.algor-it.com\/wp-content\/uploads\/2025\/03\/logo_algorit_dev_logiciel-NoBG.svg","contentUrl":"https:\/\/www.algor-it.com\/wp-content\/uploads\/2025\/03\/logo_algorit_dev_logiciel-NoBG.svg","width":181,"height":143,"caption":"Algor-IT"},"image":{"@id":"https:\/\/www.algor-it.com\/en\/#\/schema\/logo\/image\/"},"sameAs":["https:\/\/fr.linkedin.com\/company\/algor-it-france"]}]}},"_links":{"self":[{"href":"https:\/\/www.algor-it.com\/en\/wp-json\/wp\/v2\/pages\/916","targetHints":{"allow":["GET"]}}],"collection":[{"href":"https:\/\/www.algor-it.com\/en\/wp-json\/wp\/v2\/pages"}],"about":[{"href":"https:\/\/www.algor-it.com\/en\/wp-json\/wp\/v2\/types\/page"}],"author":[{"embeddable":true,"href":"https:\/\/www.algor-it.com\/en\/wp-json\/wp\/v2\/users\/1"}],"replies":[{"embeddable":true,"href":"https:\/\/www.algor-it.com\/en\/wp-json\/wp\/v2\/comments?post=916"}],"version-history":[{"count":3,"href":"https:\/\/www.algor-it.com\/en\/wp-json\/wp\/v2\/pages\/916\/revisions"}],"predecessor-version":[{"id":920,"href":"https:\/\/www.algor-it.com\/en\/wp-json\/wp\/v2\/pages\/916\/revisions\/920"}],"wp:attachment":[{"href":"https:\/\/www.algor-it.com\/en\/wp-json\/wp\/v2\/media?parent=916"}],"curies":[{"name":"wp","href":"https:\/\/api.w.org\/{rel}","templated":true}]}}